{"id":352,"date":"2016-05-29T17:17:55","date_gmt":"2016-05-29T17:17:55","guid":{"rendered":"http:\/\/www.kentjenerator.com\/?page_id=352"},"modified":"2017-01-10T17:13:49","modified_gmt":"2017-01-10T17:13:49","slug":"benzinli-jeneratorler","status":"publish","type":"page","link":"http:\/\/www.kentjenerator.com\/?page_id=352","title":{"rendered":"BENZ\u0130NL\u0130 JENERAT\u00d6RLER"},"content":{"rendered":"<table>\n<tbody>\n<tr>\n<td width=\"154\"><span style=\"color: #000000;\"><strong>ALM B-2500<\/strong><\/span><img loading=\"lazy\" decoding=\"async\" class=\"aligncenter wp-image-354 size-thumbnail\" src=\"http:\/\/www.kentjenerator.com\/wp-content\/uploads\/2016\/05\/BENZ\u0130NL\u0130_ALM_B-2500-150x150.jpg\" width=\"150\" height=\"150\" srcset=\"http:\/\/www.kentjenerator.com\/wp-content\/uploads\/2016\/05\/BENZ\u0130NL\u0130_ALM_B-2500-150x150.jpg 150w, http:\/\/www.kentjenerator.com\/wp-content\/uploads\/2016\/05\/BENZ\u0130NL\u0130_ALM_B-2500-240x240.jpg 240w\" sizes=\"auto, (max-width: 150px) 100vw, 150px\" \/><\/td>\n<td width=\"154\">&nbsp;<\/p>\n<p><span style=\"color: #000000;\"><strong>ALM B-3000<\/strong><\/span><\/p>\n<p><img loading=\"lazy\" decoding=\"async\" class=\"aligncenter wp-image-356 size-thumbnail\" src=\"http:\/\/www.kentjenerator.com\/wp-content\/uploads\/2016\/05\/BENZ\u0130NL\u0130_ALM_B-3500-150x150.jpg\" width=\"150\" height=\"150\" srcset=\"http:\/\/www.kentjenerator.com\/wp-content\/uploads\/2016\/05\/BENZ\u0130NL\u0130_ALM_B-3500-150x150.jpg 150w, http:\/\/www.kentjenerator.com\/wp-content\/uploads\/2016\/05\/BENZ\u0130NL\u0130_ALM_B-3500-240x240.jpg 240w\" sizes=\"auto, (max-width: 150px) 100vw, 150px\" \/><\/td>\n<td width=\"154\">\n<p><figure id=\"attachment_356\" aria-describedby=\"caption-attachment-356\" style=\"width: 151px\" class=\"wp-caption aligncenter\"><a style=\"color: #000000;\" href=\"http:\/\/www.kentjenerator.com\/wp-content\/uploads\/2016\/05\/BENZ\u0130NL\u0130_ALM_B-3500.jpg\"><img loading=\"lazy\" decoding=\"async\" class=\"wp-image-356\" src=\"http:\/\/www.kentjenerator.com\/wp-content\/uploads\/2016\/05\/BENZ\u0130NL\u0130_ALM_B-3500-150x150.jpg\" alt=\"BENZ\u0130NL\u0130_ALM_B-3500\" width=\"151\" height=\"151\" srcset=\"http:\/\/www.kentjenerator.com\/wp-content\/uploads\/2016\/05\/BENZ\u0130NL\u0130_ALM_B-3500-150x150.jpg 150w, http:\/\/www.kentjenerator.com\/wp-content\/uploads\/2016\/05\/BENZ\u0130NL\u0130_ALM_B-3500-240x240.jpg 240w\" sizes=\"auto, (max-width: 151px) 100vw, 151px\" \/><\/a><figcaption id=\"caption-attachment-356\" class=\"wp-caption-text\"><span style=\"color: #000000;\"><strong>ALM B-3500<\/strong><\/span><\/figcaption><\/figure><\/td>\n<td width=\"154\">\n<p><figure id=\"attachment_357\" aria-describedby=\"caption-attachment-357\" style=\"width: 152px\" class=\"wp-caption aligncenter\"><a style=\"color: #000000;\" href=\"http:\/\/www.kentjenerator.com\/wp-content\/uploads\/2016\/05\/almr-1.jpg\"><img loading=\"lazy\" decoding=\"async\" class=\"wp-image-357\" src=\"http:\/\/www.kentjenerator.com\/wp-content\/uploads\/2016\/05\/almr-1-300x219.jpg\" alt=\"almr\" width=\"152\" height=\"111\" srcset=\"http:\/\/www.kentjenerator.com\/wp-content\/uploads\/2016\/05\/almr-1-300x219.jpg 300w, http:\/\/www.kentjenerator.com\/wp-content\/uploads\/2016\/05\/almr-1.jpg 681w\" sizes=\"auto, (max-width: 152px) 100vw, 152px\" \/><\/a><figcaption id=\"caption-attachment-357\" class=\"wp-caption-text\"><span style=\"color: #000000;\"><strong>ALM B-6500E<\/strong><\/span><\/figcaption><\/figure><\/td>\n<\/tr>\n<tr>\n<td width=\"154\">\n<p><figure id=\"attachment_357\" aria-describedby=\"caption-attachment-357\" style=\"width: 151px\" class=\"wp-caption aligncenter\"><a style=\"color: #000000;\" href=\"http:\/\/www.kentjenerator.com\/wp-content\/uploads\/2016\/05\/almr-1.jpg\"><img loading=\"lazy\" decoding=\"async\" class=\"wp-image-357\" src=\"http:\/\/www.kentjenerator.com\/wp-content\/uploads\/2016\/05\/almr-1-300x219.jpg\" alt=\"almr\" width=\"151\" height=\"110\" srcset=\"http:\/\/www.kentjenerator.com\/wp-content\/uploads\/2016\/05\/almr-1-300x219.jpg 300w, http:\/\/www.kentjenerator.com\/wp-content\/uploads\/2016\/05\/almr-1.jpg 681w\" sizes=\"auto, (max-width: 151px) 100vw, 151px\" \/><\/a><figcaption id=\"caption-attachment-357\" class=\"wp-caption-text\"><span style=\"color: #000000;\"><strong>ALM B-7500E<\/strong><\/span><\/figcaption><\/figure><\/td>\n<td width=\"154\">\n<p><figure id=\"attachment_357\" aria-describedby=\"caption-attachment-357\" style=\"width: 150px\" class=\"wp-caption aligncenter\"><a style=\"color: #000000;\" href=\"http:\/\/www.kentjenerator.com\/wp-content\/uploads\/2016\/05\/almr-1.jpg\"><img loading=\"lazy\" decoding=\"async\" class=\"wp-image-357\" src=\"http:\/\/www.kentjenerator.com\/wp-content\/uploads\/2016\/05\/almr-1-300x219.jpg\" alt=\"almr\" width=\"150\" height=\"110\" srcset=\"http:\/\/www.kentjenerator.com\/wp-content\/uploads\/2016\/05\/almr-1-300x219.jpg 300w, http:\/\/www.kentjenerator.com\/wp-content\/uploads\/2016\/05\/almr-1.jpg 681w\" sizes=\"auto, (max-width: 150px) 100vw, 150px\" \/><\/a><figcaption id=\"caption-attachment-357\" class=\"wp-caption-text\"><span style=\"color: #000000;\"><strong>ALM B-7500E\/T<\/strong><\/span><\/figcaption><\/figure><\/td>\n<td width=\"154\">\n<p><figure id=\"attachment_358\" aria-describedby=\"caption-attachment-358\" style=\"width: 150px\" class=\"wp-caption aligncenter\"><a style=\"color: #000000;\" href=\"http:\/\/www.kentjenerator.com\/wp-content\/uploads\/2016\/05\/BENZ\u0130NL\u0130_ALM_B-11000E.jpg\"><img loading=\"lazy\" decoding=\"async\" class=\"wp-image-358 size-thumbnail\" src=\"http:\/\/www.kentjenerator.com\/wp-content\/uploads\/2016\/05\/BENZ\u0130NL\u0130_ALM_B-11000E-150x150.jpg\" alt=\"BENZ\u0130NL\u0130_ALM_B-11000E\" width=\"150\" height=\"150\" srcset=\"http:\/\/www.kentjenerator.com\/wp-content\/uploads\/2016\/05\/BENZ\u0130NL\u0130_ALM_B-11000E-150x150.jpg 150w, http:\/\/www.kentjenerator.com\/wp-content\/uploads\/2016\/05\/BENZ\u0130NL\u0130_ALM_B-11000E-240x240.jpg 240w\" sizes=\"auto, (max-width: 150px) 100vw, 150px\" \/><\/a><figcaption id=\"caption-attachment-358\" class=\"wp-caption-text\"><span style=\"color: #000000;\"><strong>ALM B-11000E<\/strong><\/span><\/figcaption><\/figure><\/td>\n<td width=\"154\">\n<p><figure id=\"attachment_358\" aria-describedby=\"caption-attachment-358\" style=\"width: 150px\" class=\"wp-caption aligncenter\"><a style=\"color: #000000;\" href=\"http:\/\/www.kentjenerator.com\/wp-content\/uploads\/2016\/05\/BENZ\u0130NL\u0130_ALM_B-11000E.jpg\"><img loading=\"lazy\" decoding=\"async\" class=\"wp-image-358 size-thumbnail\" src=\"http:\/\/www.kentjenerator.com\/wp-content\/uploads\/2016\/05\/BENZ\u0130NL\u0130_ALM_B-11000E-150x150.jpg\" alt=\"BENZ\u0130NL\u0130_ALM_B-11000E\" width=\"150\" height=\"150\" srcset=\"http:\/\/www.kentjenerator.com\/wp-content\/uploads\/2016\/05\/BENZ\u0130NL\u0130_ALM_B-11000E-150x150.jpg 150w, http:\/\/www.kentjenerator.com\/wp-content\/uploads\/2016\/05\/BENZ\u0130NL\u0130_ALM_B-11000E-240x240.jpg 240w\" sizes=\"auto, (max-width: 150px) 100vw, 150px\" \/><\/a><figcaption id=\"caption-attachment-358\" class=\"wp-caption-text\"><span style=\"color: #000000;\"><strong>ALM B-11000E\/T<\/strong><\/span><\/figcaption><\/figure><\/td>\n<\/tr>\n<tr>\n<td width=\"154\">\n<p><figure id=\"attachment_359\" aria-describedby=\"caption-attachment-359\" style=\"width: 150px\" class=\"wp-caption aligncenter\"><a style=\"color: #000000;\" href=\"http:\/\/www.kentjenerator.com\/wp-content\/uploads\/2016\/05\/BENZ\u0130NL\u0130_ALM_B-11000_ES.png\"><img loading=\"lazy\" decoding=\"async\" class=\"wp-image-359 size-thumbnail\" src=\"http:\/\/www.kentjenerator.com\/wp-content\/uploads\/2016\/05\/BENZ\u0130NL\u0130_ALM_B-11000_ES-150x150.png\" alt=\"BENZ\u0130NL\u0130_ALM_B-11000_ES\" width=\"150\" height=\"150\" srcset=\"http:\/\/www.kentjenerator.com\/wp-content\/uploads\/2016\/05\/BENZ\u0130NL\u0130_ALM_B-11000_ES-150x150.png 150w, http:\/\/www.kentjenerator.com\/wp-content\/uploads\/2016\/05\/BENZ\u0130NL\u0130_ALM_B-11000_ES-480x480.png 480w, http:\/\/www.kentjenerator.com\/wp-content\/uploads\/2016\/05\/BENZ\u0130NL\u0130_ALM_B-11000_ES-320x320.png 320w, http:\/\/www.kentjenerator.com\/wp-content\/uploads\/2016\/05\/BENZ\u0130NL\u0130_ALM_B-11000_ES-240x240.png 240w\" sizes=\"auto, (max-width: 150px) 100vw, 150px\" \/><\/a><figcaption id=\"caption-attachment-359\" class=\"wp-caption-text\"><span style=\"color: #000000;\"><strong>ALM B-11000ES<\/strong><\/span><\/figcaption><\/figure><\/td>\n<td width=\"154\">\n<p><figure id=\"attachment_359\" aria-describedby=\"caption-attachment-359\" style=\"width: 150px\" class=\"wp-caption aligncenter\"><a style=\"color: #000000;\" href=\"http:\/\/www.kentjenerator.com\/wp-content\/uploads\/2016\/05\/BENZ\u0130NL\u0130_ALM_B-11000_ES.png\"><img loading=\"lazy\" decoding=\"async\" class=\"wp-image-359 size-thumbnail\" src=\"http:\/\/www.kentjenerator.com\/wp-content\/uploads\/2016\/05\/BENZ\u0130NL\u0130_ALM_B-11000_ES-150x150.png\" alt=\"BENZ\u0130NL\u0130_ALM_B-11000_ES\" width=\"150\" height=\"150\" srcset=\"http:\/\/www.kentjenerator.com\/wp-content\/uploads\/2016\/05\/BENZ\u0130NL\u0130_ALM_B-11000_ES-150x150.png 150w, http:\/\/www.kentjenerator.com\/wp-content\/uploads\/2016\/05\/BENZ\u0130NL\u0130_ALM_B-11000_ES-480x480.png 480w, http:\/\/www.kentjenerator.com\/wp-content\/uploads\/2016\/05\/BENZ\u0130NL\u0130_ALM_B-11000_ES-320x320.png 320w, http:\/\/www.kentjenerator.com\/wp-content\/uploads\/2016\/05\/BENZ\u0130NL\u0130_ALM_B-11000_ES-240x240.png 240w\" sizes=\"auto, (max-width: 150px) 100vw, 150px\" \/><\/a><figcaption id=\"caption-attachment-359\" class=\"wp-caption-text\"><span style=\"color: #000000;\"><strong>ALM B-11000ETS<\/strong><\/span><\/figcaption><\/figure><\/td>\n<td width=\"154\">\n<p><figure id=\"attachment_360\" aria-describedby=\"caption-attachment-360\" style=\"width: 150px\" class=\"wp-caption aligncenter\"><a style=\"color: #000000;\" href=\"https:\/\/drive.google.com\/file\/d\/0B9khilBP_z31S25iZ0JqVnBhVEk\/view\"><img loading=\"lazy\" decoding=\"async\" class=\"wp-image-360 size-thumbnail\" src=\"http:\/\/www.kentjenerator.com\/wp-content\/uploads\/2016\/05\/BENZ\u0130NL\u0130_ALM_2200_M-150x150.jpg\" alt=\"BENZ\u0130NL\u0130_ALM_2200_M\" width=\"150\" height=\"150\" srcset=\"http:\/\/www.kentjenerator.com\/wp-content\/uploads\/2016\/05\/BENZ\u0130NL\u0130_ALM_2200_M-150x150.jpg 150w, http:\/\/www.kentjenerator.com\/wp-content\/uploads\/2016\/05\/BENZ\u0130NL\u0130_ALM_2200_M-240x240.jpg 240w\" sizes=\"auto, (max-width: 150px) 100vw, 150px\" \/><\/a><figcaption id=\"caption-attachment-360\" class=\"wp-caption-text\"><span style=\"color: #000000;\"><strong>ALM 2200 M<\/strong><\/span><\/figcaption><\/figure><\/td>\n<td width=\"154\">\n<p><figure id=\"attachment_360\" aria-describedby=\"caption-attachment-360\" style=\"width: 150px\" class=\"wp-caption aligncenter\"><a style=\"color: #000000;\" href=\"https:\/\/drive.google.com\/file\/d\/0B9khilBP_z31S25iZ0JqVnBhVEk\/view\"><img loading=\"lazy\" decoding=\"async\" class=\"wp-image-360 size-thumbnail\" src=\"http:\/\/www.kentjenerator.com\/wp-content\/uploads\/2016\/05\/BENZ\u0130NL\u0130_ALM_2200_M-150x150.jpg\" alt=\"BENZ\u0130NL\u0130_ALM_2200_M\" width=\"150\" height=\"150\" srcset=\"http:\/\/www.kentjenerator.com\/wp-content\/uploads\/2016\/05\/BENZ\u0130NL\u0130_ALM_2200_M-150x150.jpg 150w, http:\/\/www.kentjenerator.com\/wp-content\/uploads\/2016\/05\/BENZ\u0130NL\u0130_ALM_2200_M-240x240.jpg 240w\" sizes=\"auto, (max-width: 150px) 100vw, 150px\" \/><\/a><figcaption id=\"caption-attachment-360\" class=\"wp-caption-text\"><span style=\"color: #000000;\"><strong>ALM 3000 M<\/strong><\/span><\/figcaption><\/figure><\/td>\n<\/tr>\n<tr>\n<td width=\"154\">\n<p><figure id=\"attachment_361\" aria-describedby=\"caption-attachment-361\" style=\"width: 150px\" class=\"wp-caption aligncenter\"><a style=\"color: #000000;\" href=\"https:\/\/drive.google.com\/file\/d\/0B9khilBP_z31S25iZ0JqVnBhVEk\/view\"><img loading=\"lazy\" decoding=\"async\" class=\"wp-image-361 size-thumbnail\" src=\"http:\/\/www.kentjenerator.com\/wp-content\/uploads\/2016\/05\/BENZ\u0130NL\u0130_ALM_5500_M-150x150.jpg\" alt=\"BENZ\u0130NL\u0130_ALM_5500_M\" width=\"150\" height=\"150\" srcset=\"http:\/\/www.kentjenerator.com\/wp-content\/uploads\/2016\/05\/BENZ\u0130NL\u0130_ALM_5500_M-150x150.jpg 150w, http:\/\/www.kentjenerator.com\/wp-content\/uploads\/2016\/05\/BENZ\u0130NL\u0130_ALM_5500_M-240x240.jpg 240w\" sizes=\"auto, (max-width: 150px) 100vw, 150px\" \/><\/a><figcaption id=\"caption-attachment-361\" class=\"wp-caption-text\"><span style=\"color: #000000;\"><strong>ALM 5500 M\/ME\/OTO<\/strong><\/span><\/figcaption><\/figure><\/td>\n<td width=\"154\">\n<p><figure id=\"attachment_361\" aria-describedby=\"caption-attachment-361\" style=\"width: 150px\" class=\"wp-caption aligncenter\"><a style=\"color: #000000;\" href=\"https:\/\/drive.google.com\/file\/d\/0B9khilBP_z31S25iZ0JqVnBhVEk\/view\"><img loading=\"lazy\" decoding=\"async\" class=\"wp-image-361 size-thumbnail\" src=\"http:\/\/www.kentjenerator.com\/wp-content\/uploads\/2016\/05\/BENZ\u0130NL\u0130_ALM_5500_M-150x150.jpg\" alt=\"BENZ\u0130NL\u0130_ALM_5500_M\" width=\"150\" height=\"150\" srcset=\"http:\/\/www.kentjenerator.com\/wp-content\/uploads\/2016\/05\/BENZ\u0130NL\u0130_ALM_5500_M-150x150.jpg 150w, http:\/\/www.kentjenerator.com\/wp-content\/uploads\/2016\/05\/BENZ\u0130NL\u0130_ALM_5500_M-240x240.jpg 240w\" sizes=\"auto, (max-width: 150px) 100vw, 150px\" \/><\/a><figcaption id=\"caption-attachment-361\" class=\"wp-caption-text\"><span style=\"color: #000000;\"><strong>ALM 7500 M\/ME\/OTO<\/strong><\/span><\/figcaption><\/figure><\/td>\n<td width=\"154\">\n<p><figure id=\"attachment_361\" aria-describedby=\"caption-attachment-361\" style=\"width: 150px\" class=\"wp-caption aligncenter\"><a style=\"color: #000000;\" href=\"https:\/\/drive.google.com\/file\/d\/0B9khilBP_z31S25iZ0JqVnBhVEk\/view\"><img loading=\"lazy\" decoding=\"async\" class=\"wp-image-361 size-thumbnail\" src=\"http:\/\/www.kentjenerator.com\/wp-content\/uploads\/2016\/05\/BENZ\u0130NL\u0130_ALM_5500_M-150x150.jpg\" alt=\"BENZ\u0130NL\u0130_ALM_5500_M\" width=\"150\" height=\"150\" srcset=\"http:\/\/www.kentjenerator.com\/wp-content\/uploads\/2016\/05\/BENZ\u0130NL\u0130_ALM_5500_M-150x150.jpg 150w, http:\/\/www.kentjenerator.com\/wp-content\/uploads\/2016\/05\/BENZ\u0130NL\u0130_ALM_5500_M-240x240.jpg 240w\" sizes=\"auto, (max-width: 150px) 100vw, 150px\" \/><\/a><figcaption id=\"caption-attachment-361\" class=\"wp-caption-text\"><span style=\"color: #000000;\"><strong>ALM 7500 T\/TE\/OTO<\/strong><\/span><\/figcaption><\/figure><\/td>\n<td width=\"154\">\n<p><figure id=\"attachment_362\" aria-describedby=\"caption-attachment-362\" style=\"width: 150px\" class=\"wp-caption aligncenter\"><a style=\"color: #000000;\" href=\"https:\/\/drive.google.com\/file\/d\/0B9khilBP_z31S25iZ0JqVnBhVEk\/view\"><img loading=\"lazy\" decoding=\"async\" class=\"wp-image-362 size-thumbnail\" src=\"http:\/\/www.kentjenerator.com\/wp-content\/uploads\/2016\/05\/BENZ\u0130NL\u0130_MGE-1801-150x150.jpg\" alt=\"BENZ\u0130NL\u0130_MGE-1801\" width=\"150\" height=\"150\" srcset=\"http:\/\/www.kentjenerator.com\/wp-content\/uploads\/2016\/05\/BENZ\u0130NL\u0130_MGE-1801-150x150.jpg 150w, http:\/\/www.kentjenerator.com\/wp-content\/uploads\/2016\/05\/BENZ\u0130NL\u0130_MGE-1801-240x240.jpg 240w\" sizes=\"auto, (max-width: 150px) 100vw, 150px\" \/><\/a><figcaption id=\"caption-attachment-362\" class=\"wp-caption-text\"><span style=\"color: #000000;\"><strong>MGE 1801<\/strong><\/span><\/figcaption><\/figure><\/td>\n<\/tr>\n<tr>\n<td width=\"154\">\n<p><figure id=\"attachment_363\" aria-describedby=\"caption-attachment-363\" style=\"width: 150px\" class=\"wp-caption aligncenter\"><a style=\"color: #000000;\" href=\"https:\/\/drive.google.com\/file\/d\/0B9khilBP_z31S25iZ0JqVnBhVEk\/view\"><img loading=\"lazy\" decoding=\"async\" class=\"wp-image-363 size-thumbnail\" src=\"http:\/\/www.kentjenerator.com\/wp-content\/uploads\/2016\/05\/BENZ\u0130NL\u0130_MGE-4800E-150x150.jpg\" alt=\"BENZ\u0130NL\u0130_MGE-4800E\" width=\"150\" height=\"150\" srcset=\"http:\/\/www.kentjenerator.com\/wp-content\/uploads\/2016\/05\/BENZ\u0130NL\u0130_MGE-4800E-150x150.jpg 150w, http:\/\/www.kentjenerator.com\/wp-content\/uploads\/2016\/05\/BENZ\u0130NL\u0130_MGE-4800E-240x240.jpg 240w\" sizes=\"auto, (max-width: 150px) 100vw, 150px\" \/><\/a><figcaption id=\"caption-attachment-363\" class=\"wp-caption-text\"><span style=\"color: #000000;\"><strong>MGE 2901<\/strong><\/span><\/figcaption><\/figure><\/td>\n<td width=\"154\">\n<p><figure id=\"attachment_364\" aria-describedby=\"caption-attachment-364\" style=\"width: 150px\" class=\"wp-caption aligncenter\"><a style=\"color: #000000;\" href=\"https:\/\/drive.google.com\/file\/d\/0B9khilBP_z31S25iZ0JqVnBhVEk\/view\"><img loading=\"lazy\" decoding=\"async\" class=\"wp-image-364 size-thumbnail\" src=\"http:\/\/www.kentjenerator.com\/wp-content\/uploads\/2016\/05\/BENZ\u0130NL\u0130_MGE-6700E-150x150.jpg\" alt=\"BENZ\u0130NL\u0130_MGE-6700E\" width=\"150\" height=\"150\" srcset=\"http:\/\/www.kentjenerator.com\/wp-content\/uploads\/2016\/05\/BENZ\u0130NL\u0130_MGE-6700E-150x150.jpg 150w, http:\/\/www.kentjenerator.com\/wp-content\/uploads\/2016\/05\/BENZ\u0130NL\u0130_MGE-6700E-240x240.jpg 240w\" sizes=\"auto, (max-width: 150px) 100vw, 150px\" \/><\/a><figcaption id=\"caption-attachment-364\" class=\"wp-caption-text\"><span style=\"color: #000000;\"><strong>MGE 4800 E<\/strong><\/span><\/figcaption><\/figure><\/td>\n<td width=\"154\">\n<figure id=\"attachment_367\" aria-describedby=\"caption-attachment-367\" style=\"width: 150px\" class=\"wp-caption aligncenter\"><a style=\"color: #000000;\" href=\"https:\/\/drive.google.com\/file\/d\/0B9khilBP_z31S25iZ0JqVnBhVEk\/view\"><img loading=\"lazy\" decoding=\"async\" class=\"wp-image-367 size-thumbnail\" src=\"http:\/\/www.kentjenerator.com\/wp-content\/uploads\/2016\/05\/BENZ\u0130NL\u0130_MGE-5800E-150x150.jpg\" alt=\"BENZ\u0130NL\u0130_MGE-5800E\" width=\"150\" height=\"150\" srcset=\"http:\/\/www.kentjenerator.com\/wp-content\/uploads\/2016\/05\/BENZ\u0130NL\u0130_MGE-5800E-150x150.jpg 150w, http:\/\/www.kentjenerator.com\/wp-content\/uploads\/2016\/05\/BENZ\u0130NL\u0130_MGE-5800E-240x240.jpg 240w\" sizes=\"auto, (max-width: 150px) 100vw, 150px\" \/><\/a><figcaption id=\"caption-attachment-367\" class=\"wp-caption-text\"><span style=\"color: #000000;\"><strong>MGE 5800E<\/strong><\/span><\/figcaption><\/figure>\n<h6><span style=\"color: #000000;\"><strong><a style=\"color: #000000;\" href=\"http:\/\/www.kentjenerator.com\/wp-content\/uploads\/2016\/05\/BENZ\u0130NL\u0130_MGE-12000E.jpg\"><br \/>\n<\/a><\/strong><\/span><\/h6>\n<\/td>\n<td width=\"154\">\n<figure id=\"attachment_364\" aria-describedby=\"caption-attachment-364\" style=\"width: 150px\" class=\"wp-caption aligncenter\"><a style=\"color: #000000;\" href=\"https:\/\/drive.google.com\/file\/d\/0B9khilBP_z31S25iZ0JqVnBhVEk\/view\"><img loading=\"lazy\" decoding=\"async\" class=\"wp-image-364 size-thumbnail\" src=\"http:\/\/www.kentjenerator.com\/wp-content\/uploads\/2016\/05\/BENZ\u0130NL\u0130_MGE-6700E-150x150.jpg\" alt=\"BENZ\u0130NL\u0130_MGE-6700E\" width=\"150\" height=\"150\" srcset=\"http:\/\/www.kentjenerator.com\/wp-content\/uploads\/2016\/05\/BENZ\u0130NL\u0130_MGE-6700E-150x150.jpg 150w, http:\/\/www.kentjenerator.com\/wp-content\/uploads\/2016\/05\/BENZ\u0130NL\u0130_MGE-6700E-240x240.jpg 240w\" sizes=\"auto, (max-width: 150px) 100vw, 150px\" \/><\/a><figcaption id=\"caption-attachment-364\" class=\"wp-caption-text\"><span style=\"color: #000000;\"><strong>MGE 6700E<\/strong><\/span><\/figcaption><\/figure>\n<h6><span style=\"color: #000000;\"><strong><a style=\"color: #000000;\" href=\"http:\/\/www.kentjenerator.com\/wp-content\/uploads\/2016\/05\/BENZ\u0130NL\u0130_MGE-13000T.jpg\"><br \/>\n<\/a><\/strong><\/span><\/h6>\n<\/td>\n<\/tr>\n<tr>\n<td width=\"154\">\n<p><figure id=\"attachment_365\" aria-describedby=\"caption-attachment-365\" style=\"width: 150px\" class=\"wp-caption aligncenter\"><a style=\"color: #000000;\" href=\"https:\/\/drive.google.com\/file\/d\/0B9khilBP_z31S25iZ0JqVnBhVEk\/view\"><img loading=\"lazy\" decoding=\"async\" class=\"wp-image-365 size-thumbnail\" src=\"http:\/\/www.kentjenerator.com\/wp-content\/uploads\/2016\/05\/BENZ\u0130NL\u0130_MGE-12000E-150x150.jpg\" alt=\"BENZ\u0130NL\u0130_MGE-12000E\" width=\"150\" height=\"150\" \/><\/a><figcaption id=\"caption-attachment-365\" class=\"wp-caption-text\"><span style=\"color: #000000;\"><strong>MGE 12000E<\/strong><\/span><\/figcaption><\/figure><\/td>\n<td width=\"154\">\n<p><figure id=\"attachment_366\" aria-describedby=\"caption-attachment-366\" style=\"width: 150px\" class=\"wp-caption aligncenter\"><a style=\"color: #000000;\" href=\"https:\/\/drive.google.com\/file\/d\/0B9khilBP_z31S25iZ0JqVnBhVEk\/view\"><img loading=\"lazy\" decoding=\"async\" class=\"wp-image-366 size-thumbnail\" src=\"http:\/\/www.kentjenerator.com\/wp-content\/uploads\/2016\/05\/BENZ\u0130NL\u0130_MGE-13000T-150x150.jpg\" alt=\"BENZ\u0130NL\u0130_MGE-13000T\" width=\"150\" height=\"150\" srcset=\"http:\/\/www.kentjenerator.com\/wp-content\/uploads\/2016\/05\/BENZ\u0130NL\u0130_MGE-13000T-150x150.jpg 150w, http:\/\/www.kentjenerator.com\/wp-content\/uploads\/2016\/05\/BENZ\u0130NL\u0130_MGE-13000T-240x240.jpg 240w\" sizes=\"auto, (max-width: 150px) 100vw, 150px\" \/><\/a><figcaption id=\"caption-attachment-366\" class=\"wp-caption-text\"><span style=\"color: #000000;\"><strong>MGE 13000T<\/strong><\/span><\/figcaption><\/figure><\/td>\n<td width=\"154\">\n<p><figure id=\"attachment_368\" aria-describedby=\"caption-attachment-368\" style=\"width: 150px\" class=\"wp-caption aligncenter\"><a style=\"color: #000000;\" href=\"https:\/\/drive.google.com\/file\/d\/0B9khilBP_z31S25iZ0JqVnBhVEk\/view\"><img loading=\"lazy\" decoding=\"async\" class=\"wp-image-368 size-thumbnail\" src=\"http:\/\/www.kentjenerator.com\/wp-content\/uploads\/2016\/05\/BENZ\u0130NL\u0130_MGC_-1101-150x150.jpg\" alt=\"BENZ\u0130NL\u0130_MGC_-1101\" width=\"150\" height=\"150\" \/><\/a><figcaption id=\"caption-attachment-368\" class=\"wp-caption-text\"><span style=\"color: #000000;\"><strong>MGC 1101<\/strong><\/span><\/figcaption><\/figure><\/td>\n<td width=\"154\">\n<figure id=\"attachment_381\" aria-describedby=\"caption-attachment-381\" style=\"width: 165px\" class=\"wp-caption aligncenter\"><a href=\"https:\/\/drive.google.com\/file\/d\/0B9khilBP_z31S25iZ0JqVnBhVEk\/view\"><img loading=\"lazy\" decoding=\"async\" class=\"wp-image-381 \" src=\"http:\/\/www.kentjenerator.com\/wp-content\/uploads\/2016\/05\/MGW-200B-300x224.jpg\" alt=\"MGW 200B\" width=\"165\" height=\"123\" srcset=\"http:\/\/www.kentjenerator.com\/wp-content\/uploads\/2016\/05\/MGW-200B-300x224.jpg 300w, http:\/\/www.kentjenerator.com\/wp-content\/uploads\/2016\/05\/MGW-200B-768x574.jpg 768w, http:\/\/www.kentjenerator.com\/wp-content\/uploads\/2016\/05\/MGW-200B-960x724.jpg 960w, http:\/\/www.kentjenerator.com\/wp-content\/uploads\/2016\/05\/MGW-200B-480x360.jpg 480w, http:\/\/www.kentjenerator.com\/wp-content\/uploads\/2016\/05\/MGW-200B-320x240.jpg 320w, http:\/\/www.kentjenerator.com\/wp-content\/uploads\/2016\/05\/MGW-200B-240x180.jpg 240w, http:\/\/www.kentjenerator.com\/wp-content\/uploads\/2016\/05\/MGW-200B.jpg 968w\" sizes=\"auto, (max-width: 165px) 100vw, 165px\" \/><\/a><figcaption id=\"caption-attachment-381\" class=\"wp-caption-text\"><span style=\"color: #000000;\"><strong>MGW 200B<\/strong><\/span><\/figcaption><\/figure>\n<h6><span style=\"color: #000000;\"><strong>\u00a0<\/strong><\/span><\/h6>\n<\/td>\n<\/tr>\n<\/tbody>\n<\/table>\n<p>&nbsp;<\/p>\n","protected":false},"excerpt":{"rendered":"<p>ALM B-2500 &nbsp; ALM B-3000 \u00a0 &nbsp;<\/p>\n","protected":false},"author":1,"featured_media":0,"parent":0,"menu_order":0,"comment_status":"closed","ping_status":"closed","template":"","meta":{"footnotes":""},"class_list":["post-352","page","type-page","status-publish","hentry"],"_links":{"self":[{"href":"http:\/\/www.kentjenerator.com\/index.php?rest_route=\/wp\/v2\/pages\/352","targetHints":{"allow":["GET"]}}],"collection":[{"href":"http:\/\/www.kentjenerator.com\/index.php?rest_route=\/wp\/v2\/pages"}],"about":[{"href":"http:\/\/www.kentjenerator.com\/index.php?rest_route=\/wp\/v2\/types\/page"}],"author":[{"embeddable":true,"href":"http:\/\/www.kentjenerator.com\/index.php?rest_route=\/wp\/v2\/users\/1"}],"replies":[{"embeddable":true,"href":"http:\/\/www.kentjenerator.com\/index.php?rest_route=%2Fwp%2Fv2%2Fcomments&post=352"}],"version-history":[{"count":15,"href":"http:\/\/www.kentjenerator.com\/index.php?rest_route=\/wp\/v2\/pages\/352\/revisions"}],"predecessor-version":[{"id":372,"href":"http:\/\/www.kentjenerator.com\/index.php?rest_route=\/wp\/v2\/pages\/352\/revisions\/372"}],"wp:attachment":[{"href":"http:\/\/www.kentjenerator.com\/index.php?rest_route=%2Fwp%2Fv2%2Fmedia&parent=352"}],"curies":[{"name":"wp","href":"https:\/\/api.w.org\/{rel}","templated":true}]}}