{"id":47,"date":"2016-04-24T18:37:00","date_gmt":"2016-04-24T18:37:00","guid":{"rendered":"http:\/\/www.kentjenerator.com\/?page_id=47"},"modified":"2026-04-18T08:04:15","modified_gmt":"2026-04-18T08:04:15","slug":"iletisim","status":"publish","type":"page","link":"http:\/\/www.kentjenerator.com\/?page_id=47","title":{"rendered":"\u0130LET\u0130\u015e\u0130M"},"content":{"rendered":"<p><a href=\"http:\/\/www.kentjenerator.com\/wp-content\/uploads\/2016\/04\/iletisim.png\" rel=\"attachment wp-att-48\"><img loading=\"lazy\" decoding=\"async\" class=\"alignnone size-thumbnail wp-image-48\" src=\"http:\/\/www.kentjenerator.com\/wp-content\/uploads\/2016\/04\/iletisim-150x150.png\" alt=\"iletisim\" width=\"150\" height=\"150\" srcset=\"http:\/\/www.kentjenerator.com\/wp-content\/uploads\/2016\/04\/iletisim-150x150.png 150w, http:\/\/www.kentjenerator.com\/wp-content\/uploads\/2016\/04\/iletisim.png 256w, http:\/\/www.kentjenerator.com\/wp-content\/uploads\/2016\/04\/iletisim-240x240.png 240w\" sizes=\"auto, (max-width: 150px) 100vw, 150px\" \/><\/a><\/p>\n<p><span style=\"color: #000000;\">KENT JENERAT\u00d6R<\/span><\/p>\n<p><span style=\"color: #000000;\">Anbar Mah. 2990. Cad. No:8G Melikgazi-KAYSER\u0130<\/span><\/p>\n<p><span style=\"color: #000000;\">T: 0352 232 32 42<\/span><\/p>\n<p><span style=\"color: #000000;\">7\/24: 0536 703 62 68<\/span><\/p>\n<p><span style=\"color: #000000;\">E-mail: info@kentjenerator.com<\/span><\/p>\n","protected":false},"excerpt":{"rendered":"<p>KENT JENERAT\u00d6R Anbar Mah. 2990. Cad. No:8G Melikgazi-KAYSER\u0130 T: 0352 232 32 42 7\/24: 0536 703 62 68 E-mail: info@kentjenerator.com<\/p>\n","protected":false},"author":1,"featured_media":0,"parent":0,"menu_order":0,"comment_status":"closed","ping_status":"closed","template":"","meta":{"footnotes":""},"class_list":["post-47","page","type-page","status-publish","hentry"],"_links":{"self":[{"href":"http:\/\/www.kentjenerator.com\/index.php?rest_route=\/wp\/v2\/pages\/47","targetHints":{"allow":["GET"]}}],"collection":[{"href":"http:\/\/www.kentjenerator.com\/index.php?rest_route=\/wp\/v2\/pages"}],"about":[{"href":"http:\/\/www.kentjenerator.com\/index.php?rest_route=\/wp\/v2\/types\/page"}],"author":[{"embeddable":true,"href":"http:\/\/www.kentjenerator.com\/index.php?rest_route=\/wp\/v2\/users\/1"}],"replies":[{"embeddable":true,"href":"http:\/\/www.kentjenerator.com\/index.php?rest_route=%2Fwp%2Fv2%2Fcomments&post=47"}],"version-history":[{"count":4,"href":"http:\/\/www.kentjenerator.com\/index.php?rest_route=\/wp\/v2\/pages\/47\/revisions"}],"predecessor-version":[{"id":492,"href":"http:\/\/www.kentjenerator.com\/index.php?rest_route=\/wp\/v2\/pages\/47\/revisions\/492"}],"wp:attachment":[{"href":"http:\/\/www.kentjenerator.com\/index.php?rest_route=%2Fwp%2Fv2%2Fmedia&parent=47"}],"curies":[{"name":"wp","href":"https:\/\/api.w.org\/{rel}","templated":true}]}}