{"id":67,"date":"2016-04-25T11:41:46","date_gmt":"2016-04-25T11:41:46","guid":{"rendered":"http:\/\/www.kentjenerator.com\/?page_id=67"},"modified":"2017-01-08T15:09:29","modified_gmt":"2017-01-08T15:09:29","slug":"hakkimizda","status":"publish","type":"page","link":"http:\/\/www.kentjenerator.com\/?page_id=67","title":{"rendered":"HAKKIMIZDA"},"content":{"rendered":"<h4 style=\"text-align: center;\"><span style=\"color: #000000;\">\u0130\u015f ya\u015fam\u0131nda edindi\u011fimiz bilgi ve tecr\u00fcbelerimizi, daha ileriye g\u00f6t\u00fcrebilmek, sekt\u00f6rde daha istikrarl\u0131 ve etkin rol alabilmek, her ge\u00e7en g\u00fcn daha iyi \u00fcr\u00fcn ve hizmet sunabilmek temel \u00a0amac\u0131m\u0131zd\u0131r.\u00a0Jenerat\u00f6r sat\u0131\u015f ve servis hizmetleri sekt\u00f6r\u00fcnde yapt\u0131\u011f\u0131m\u0131z yenilik\u00e7i hamleler, ba\u015far\u0131m\u0131z\u0131n temel ta\u015f\u0131d\u0131r. KENT JENERAT\u00d6R olarak hizmetlerimizi; m\u00fc\u015fteri memnuniyeti ve g\u00fcven ilkelerini temel kabul ederek sunmaktay\u0131z.<\/span><\/h4>\n<h3 style=\"text-align: center;\"><span style=\"color: #000000;\"><img loading=\"lazy\" decoding=\"async\" class=\"wp-image-68 aligncenter\" src=\"http:\/\/www.kentjenerator.com\/wp-content\/uploads\/2016\/04\/hakk\u0131m\u0131zda-g\u00f6rsel.jpg\" alt=\"hakk\u0131m\u0131zda g\u00f6rsel\" width=\"440\" height=\"333\" srcset=\"http:\/\/www.kentjenerator.com\/wp-content\/uploads\/2016\/04\/hakk\u0131m\u0131zda-g\u00f6rsel.jpg 377w, http:\/\/www.kentjenerator.com\/wp-content\/uploads\/2016\/04\/hakk\u0131m\u0131zda-g\u00f6rsel-300x227.jpg 300w\" sizes=\"auto, (max-width: 440px) 100vw, 440px\" \/><\/span><\/h3>\n<h4 style=\"text-align: center;\"><span style=\"color: #000000;\"><strong>\u00a0\u00a0\u00a0\u00a0\u00a0<span style=\"color: #ff0000;\">V\u0130ZYONUMUZ<\/span><\/strong><\/span><\/h4>\n<h5 style=\"text-align: center;\"><span style=\"color: #000000;\">Ya\u015fanabilir bir d\u00fcnya i\u00e7in \u00e7evreyi korumak,<\/span><\/h5>\n<h5 style=\"text-align: center;\"><span style=\"color: #000000;\">Hayat \u015fartlar\u0131n\u0131 iyile\u015ftirmek<\/span><\/h5>\n<h5 style=\"text-align: center;\"><span style=\"color: #000000;\">Ham madde kaynaklar\u0131n\u0131 koruman\u0131n yan\u0131 s\u0131ra\u00a0s\u00fcrd\u00fcr\u00fclebilir, \u00e7evre dostu, sorunsuz \u00fcr\u00fcn ve hizmet sa\u011flamak.<\/span><\/h5>\n<h4 style=\"text-align: center;\"><span style=\"color: #ff0000;\"><strong>M\u0130SYONUMUZ<\/strong><\/span><\/h4>\n<h5 style=\"text-align: center;\"><span style=\"color: #000000;\">\u00dclke \u00e7ap\u0131ndaki m\u00fc\u015fterilerimize jenerat\u00f6r sat\u0131\u015f ve servis hizmetleri alan\u0131nda ileri teknoloji \u00fcr\u00fcnler sa\u011flamak.<\/span><\/h5>\n<p style=\"text-align: center;\"><span style=\"color: #000000;\"><strong>Etik \/ Ahlaki<\/strong><\/span><\/p>\n<h5 style=\"text-align: center;\"><span style=\"color: #000000;\">\u0130nsana ve do\u011faya istisnas\u0131z sayg\u0131 g\u00f6steriyoruz<\/span><\/h5>\n<p style=\"text-align: center;\"><span style=\"color: #000000;\"><strong>D\u00fcr\u00fcstl\u00fck<\/strong><\/span><\/p>\n<h5 style=\"text-align: center;\"><span style=\"color: #000000;\">T\u00fcm m\u00fc\u015fterilerimize kar\u015f\u0131 samimi ve d\u00fcr\u00fcst olmak.<\/span><\/h5>\n<p style=\"text-align: center;\"><span style=\"color: #000000;\"><strong>Kalite\u00a0ve G\u00fcvenlik<\/strong><\/span><\/p>\n<h5 style=\"text-align: center;\"><span style=\"color: #000000;\">\u00dcr\u00fcnlerimiz ve onlar\u0131n\u00a0kullan\u0131m\u0131 konusunda, birlikte en g\u00fczeli ger\u00e7ekle\u015ftirmek.<\/span><\/h5>\n<p style=\"text-align: center;\"><span style=\"color: #000000;\"><strong>Sorumluluk<\/strong><\/span><\/p>\n<h5 style=\"text-align: center;\"><span style=\"color: #000000;\">\u00c7evreye kar\u015f\u0131 sorumluluk ile hem \u00e7al\u0131\u015fan hem de m\u00fc\u015fteri memnuniyetini sa\u011flamak<\/span><\/h5>\n<p style=\"text-align: center;\"><span style=\"color: #000000;\"><strong>\u0130nsanl\u0131k<\/strong><\/span><\/p>\n<h5 style=\"text-align: center;\"><span style=\"color: #000000;\">Sosyal ve kurumsal y\u00fck\u00fcml\u00fcl\u00fckler de\u011ferlidir.<\/span><\/h5>\n<p style=\"text-align: center;\"><span style=\"color: #000000;\"><strong>M\u00fckemmellik<\/strong><\/span><\/p>\n<h5 style=\"text-align: center;\"><span style=\"color: #000000;\">Se\u00e7kin bir \u015firket olmak i\u00e7in ola\u011fan\u00fcst\u00fc \u00e7aba sarf etmek.<\/span><\/h5>\n<h4 style=\"text-align: center;\"><span style=\"color: #ff0000;\"><strong>BELGELER\u0130M\u0130Z<\/strong><\/span><\/h4>\n<h5 style=\"text-align: center;\"><span style=\"color: #000000;\">TSE Hizmet Yeterlilik Belgesi, Belge No: 38-HYB-4120<\/span><\/h5>\n","protected":false},"excerpt":{"rendered":"<p>\u0130\u015f ya\u015fam\u0131nda edindi\u011fimiz bilgi ve tecr\u00fcbelerimizi, daha ileriye g\u00f6t\u00fcrebilmek, sekt\u00f6rde daha istikrarl\u0131 ve etkin rol alabilmek, her ge\u00e7en g\u00fcn daha iyi \u00fcr\u00fcn ve hizmet sunabilmek temel \u00a0amac\u0131m\u0131zd\u0131r.\u00a0Jenerat\u00f6r sat\u0131\u015f ve servis hizmetleri sekt\u00f6r\u00fcnde yapt\u0131\u011f\u0131m\u0131z yenilik\u00e7i hamleler, ba\u015far\u0131m\u0131z\u0131n temel ta\u015f\u0131d\u0131r. KENT JENERAT\u00d6R olarak hizmetlerimizi; m\u00fc\u015fteri memnuniyeti ve g\u00fcven ilkelerini temel kabul ederek sunmaktay\u0131z. \u00a0\u00a0\u00a0\u00a0\u00a0V\u0130ZYONUMUZ Ya\u015fanabilir bir d\u00fcnya&hellip;<\/p>\n","protected":false},"author":1,"featured_media":0,"parent":0,"menu_order":0,"comment_status":"closed","ping_status":"closed","template":"","meta":{"footnotes":""},"class_list":["post-67","page","type-page","status-publish","hentry"],"_links":{"self":[{"href":"http:\/\/www.kentjenerator.com\/index.php?rest_route=\/wp\/v2\/pages\/67","targetHints":{"allow":["GET"]}}],"collection":[{"href":"http:\/\/www.kentjenerator.com\/index.php?rest_route=\/wp\/v2\/pages"}],"about":[{"href":"http:\/\/www.kentjenerator.com\/index.php?rest_route=\/wp\/v2\/types\/page"}],"author":[{"embeddable":true,"href":"http:\/\/www.kentjenerator.com\/index.php?rest_route=\/wp\/v2\/users\/1"}],"replies":[{"embeddable":true,"href":"http:\/\/www.kentjenerator.com\/index.php?rest_route=%2Fwp%2Fv2%2Fcomments&post=67"}],"version-history":[{"count":14,"href":"http:\/\/www.kentjenerator.com\/index.php?rest_route=\/wp\/v2\/pages\/67\/revisions"}],"predecessor-version":[{"id":454,"href":"http:\/\/www.kentjenerator.com\/index.php?rest_route=\/wp\/v2\/pages\/67\/revisions\/454"}],"wp:attachment":[{"href":"http:\/\/www.kentjenerator.com\/index.php?rest_route=%2Fwp%2Fv2%2Fmedia&parent=67"}],"curies":[{"name":"wp","href":"https:\/\/api.w.org\/{rel}","templated":true}]}}