{"id":99,"date":"2016-04-26T08:55:13","date_gmt":"2016-04-26T08:55:13","guid":{"rendered":"http:\/\/www.kentjenerator.com\/?page_id=99"},"modified":"2016-04-26T18:32:27","modified_gmt":"2016-04-26T18:32:27","slug":"kutuphane","status":"publish","type":"page","link":"http:\/\/www.kentjenerator.com\/?page_id=99","title":{"rendered":"K\u00dcT\u00dcPHANE"},"content":{"rendered":"<ol>\n<li>\n<h6><a href=\"http:\/\/www.kentjenerator.com\/wp-content\/uploads\/2016\/04\/JENERAT\u00d6R\u00dcN-TAR\u0130F\u0130-VE-B\u00d6L\u00dcMLER\u0130.pdf\" target=\"_blank\"><span style=\"color: #000000;\">JENERAT\u00d6R NED\u0130R?<\/span><\/a><\/h6>\n<\/li>\n<li>\n<h6><a href=\"http:\/\/www.kentjenerator.com\/wp-content\/uploads\/2016\/04\/ENGINE.ppt\" target=\"_blank\"><span style=\"color: #000000;\">D\u0130ZEL MOTOR<\/span><\/a><\/h6>\n<\/li>\n<li>\n<h6><a href=\"http:\/\/www.kentjenerator.com\/wp-content\/uploads\/2016\/04\/ALTERNAT\u00d6R-NED\u0130R.pdf\" target=\"_blank\"><span style=\"color: #000000;\">ALTERNAT\u00d6R NED\u0130R?<\/span><\/a><\/h6>\n<\/li>\n<li>\n<h6><a href=\"http:\/\/www.kentjenerator.com\/wp-content\/uploads\/2016\/04\/JENERAT\u00d6R-\u0130\u00c7\u0130N-\u00d6ZET-TEKN\u0130K-TER\u0130MLER\u0130.pdf\"><span style=\"color: #000000;\">JENERAT\u00d6R TEKN\u0130K TER\u0130MLER\u0130<\/span><\/a><\/h6>\n<\/li>\n<li>\n<h6><a href=\"http:\/\/www.kentjenerator.com\/wp-content\/uploads\/2016\/04\/JENERAT\u00d6RLERDE-KONTROL-S\u0130STEMLER\u0130.pdf\" target=\"_blank\"><span style=\"color: #000000;\">JENERAT\u00d6RLERDE KONTROL S\u0130STEMLER\u0130<\/span><\/a><\/h6>\n<\/li>\n<li>\n<h6><a href=\"http:\/\/www.kentjenerator.com\/wp-content\/uploads\/2016\/04\/ELEKTR\u0130K-BA\u011eLANTILARI.pdf\" target=\"_blank\"><span style=\"color: #000000;\">JENERAT\u00d6RDE ELEKTR\u0130K BA\u011eLANTILARI<\/span><\/a><\/h6>\n<\/li>\n<li>\n<h6><a href=\"http:\/\/www.kentjenerator.com\/wp-content\/uploads\/2016\/04\/JENERAT\u00d6RLERDE-TOPRAKLAMA.pdf\" target=\"_blank\"><span style=\"color: #000000;\">JENERAT\u00d6RLERDE TOPRAKLAMA<\/span><\/a><\/h6>\n<\/li>\n<li>\n<h6><a href=\"http:\/\/www.kentjenerator.com\/wp-content\/uploads\/2016\/04\/JENERAT\u00d6R-ZEM\u0130N\u0130-VE-PLATFORM.pdf\"><span style=\"color: #000000;\">JENERAT\u00d6R ZEM\u0130N\u0130 ve PLATFORM<\/span><\/a><\/h6>\n<\/li>\n<li>\n<h6><a href=\"http:\/\/www.kentjenerator.com\/wp-content\/uploads\/2016\/04\/JENERAT\u00d6R-ODASI-BOYUTLANDIRILMASI-VE-KURULUM.pdf\" target=\"_blank\"><span style=\"color: #000000;\">JENERAT\u00d6R ODASI BOYUTLANDIRILMASI ve KURULUM<\/span><\/a><\/h6>\n<\/li>\n<li>\n<h6><a href=\"http:\/\/www.kentjenerator.com\/wp-content\/uploads\/2016\/04\/JENERAT\u00d6R-ODASI-HAVALANDIRMASI.pdf\"><span style=\"color: #000000;\">JENERAT\u00d6R ODASI HAVALANDIRILMASI<\/span><\/a><\/h6>\n<\/li>\n<li>\n<h6><a href=\"http:\/\/www.kentjenerator.com\/wp-content\/uploads\/2016\/04\/EGZOZ-MONTAJ-S\u0130STEM\u0130.pdf\" target=\"_blank\"><span style=\"color: #000000;\">EGZOZ MONTAJ S\u0130STEM\u0130<\/span><\/a><\/h6>\n<\/li>\n<li>\n<h6><a href=\"http:\/\/www.kentjenerator.com\/wp-content\/uploads\/2016\/04\/D\u0130ZEL-JENERAT\u00d6RLERDE-BAKIM.pdf\"><span style=\"color: #000000;\">D\u0130ZEL JENERAT\u00d6RLERDE BAKIM<\/span><\/a><\/h6>\n<\/li>\n<li>\n<h6><a href=\"http:\/\/www.kentjenerator.com\/wp-content\/uploads\/2016\/04\/MOTORLARDA-SO\u011eUTMA-SIVISI.pdf\" target=\"_blank\"><span style=\"color: #000000;\">MOTORLARDA SO\u011eUTMA SIVISI<\/span><\/a><\/h6>\n<\/li>\n<li>\n<h6><a href=\"http:\/\/www.kentjenerator.com\/wp-content\/uploads\/2016\/04\/YA\u011eLAMA.pdf\"><span style=\"color: #000000;\">YA\u011eLAMA<\/span><\/a><\/h6>\n<\/li>\n<li>\n<h6><a href=\"http:\/\/www.kentjenerator.com\/wp-content\/uploads\/2016\/04\/AK\u00dc.pdf\" target=\"_blank\"><span style=\"color: #000000;\">AK\u00dcLER<\/span><\/a><\/h6>\n<\/li>\n<li>\n<h6><span style=\"color: #000000;\"><a style=\"color: #000000;\" href=\"http:\/\/www.kentjenerator.com\/wp-content\/uploads\/2016\/04\/ARIZA-BULMA-VE-G\u0130DERME.pdf\">ARIZA BULMA ve G\u0130DERME<\/a><\/span><\/h6>\n<\/li>\n<\/ol>\n","protected":false},"excerpt":{"rendered":"<p>JENERAT\u00d6R NED\u0130R? D\u0130ZEL MOTOR ALTERNAT\u00d6R NED\u0130R? JENERAT\u00d6R TEKN\u0130K TER\u0130MLER\u0130 JENERAT\u00d6RLERDE KONTROL S\u0130STEMLER\u0130 JENERAT\u00d6RDE ELEKTR\u0130K BA\u011eLANTILARI JENERAT\u00d6RLERDE TOPRAKLAMA JENERAT\u00d6R ZEM\u0130N\u0130 ve PLATFORM JENERAT\u00d6R ODASI BOYUTLANDIRILMASI ve KURULUM JENERAT\u00d6R ODASI HAVALANDIRILMASI EGZOZ MONTAJ S\u0130STEM\u0130 D\u0130ZEL JENERAT\u00d6RLERDE BAKIM MOTORLARDA SO\u011eUTMA SIVISI YA\u011eLAMA AK\u00dcLER ARIZA BULMA ve G\u0130DERME<\/p>\n","protected":false},"author":1,"featured_media":0,"parent":0,"menu_order":0,"comment_status":"closed","ping_status":"closed","template":"","meta":{"footnotes":""},"class_list":["post-99","page","type-page","status-publish","hentry"],"_links":{"self":[{"href":"http:\/\/www.kentjenerator.com\/index.php?rest_route=\/wp\/v2\/pages\/99","targetHints":{"allow":["GET"]}}],"collection":[{"href":"http:\/\/www.kentjenerator.com\/index.php?rest_route=\/wp\/v2\/pages"}],"about":[{"href":"http:\/\/www.kentjenerator.com\/index.php?rest_route=\/wp\/v2\/types\/page"}],"author":[{"embeddable":true,"href":"http:\/\/www.kentjenerator.com\/index.php?rest_route=\/wp\/v2\/users\/1"}],"replies":[{"embeddable":true,"href":"http:\/\/www.kentjenerator.com\/index.php?rest_route=%2Fwp%2Fv2%2Fcomments&post=99"}],"version-history":[{"count":9,"href":"http:\/\/www.kentjenerator.com\/index.php?rest_route=\/wp\/v2\/pages\/99\/revisions"}],"predecessor-version":[{"id":235,"href":"http:\/\/www.kentjenerator.com\/index.php?rest_route=\/wp\/v2\/pages\/99\/revisions\/235"}],"wp:attachment":[{"href":"http:\/\/www.kentjenerator.com\/index.php?rest_route=%2Fwp%2Fv2%2Fmedia&parent=99"}],"curies":[{"name":"wp","href":"https:\/\/api.w.org\/{rel}","templated":true}]}}